{"id":9849,"date":"2023-07-04T09:41:04","date_gmt":"2023-07-04T07:41:04","guid":{"rendered":"https:\/\/www.mines-asphalte.ch\/?page_id=9849"},"modified":"2026-04-02T17:08:17","modified_gmt":"2026-04-02T15:08:17","slug":"ticketverkauf","status":"publish","type":"page","link":"https:\/\/www.mines-asphalte.ch\/de\/ticketverkauf\/","title":{"rendered":"Ticketverkauf"},"content":{"rendered":"<p>Buchen Sie Ihre Tickets online! &nbsp; Buchen Sie Ihr Ticket Unterk\u00fcnfte \u00a0Reservieren Sie Ihren Tisch Shop Go\u00fbt &amp; R\u00e9gion Andere Aktivit\u00e4ten Buchen Sie Ihre Tickets . &nbsp; Kaufen Sie Ihre Tickets f\u00fcr die Besichtigung der Minen direkt online! Es ist auch m\u00f6glich, di <a href=\"https:\/\/www.mines-asphalte.ch\/de\/ticketverkauf\/\" title=\"Read more on Ticketverkauf\" class=\"more-link\">mehr<\/a><\/p>\n","protected":false},"excerpt":{"rendered":"<p>Buchen Sie Ihre Tickets online! &nbsp; Buchen Sie Ihr Ticket Unterk\u00fcnfte \u00a0Reservieren Sie Ihren Tisch Shop Go\u00fbt &amp; R\u00e9gion Andere Aktivit\u00e4ten Buchen Sie Ihre Tickets . &nbsp; Kaufen Sie Ihre Tickets f\u00fcr die Besichtigung der Minen direkt online! Es ist auch m\u00f6glich, di mehr<\/p>\n","protected":false},"author":1,"featured_media":4174,"parent":0,"menu_order":0,"comment_status":"closed","ping_status":"closed","template":"","meta":[],"yoast_head":"<!-- This site is optimized with the Yoast SEO plugin v15.9.2 - https:\/\/yoast.com\/wordpress\/plugins\/seo\/ -->\n<title>Asphaltminen Online-Ticketverkauf - Mines d&#039;asphalte | Val-de-Travers<\/title>\n<meta name=\"description\" content=\"Kaufen Sie Ihre Tickets direkt online und entdecken Sie die faszinierende Welt des Asphalts in den Minen von La Presta.\" \/>\n<meta name=\"robots\" content=\"index, follow, max-snippet:-1, max-image-preview:large, max-video-preview:-1\" \/>\n<link rel=\"canonical\" href=\"https:\/\/www.mines-asphalte.ch\/de\/ticketverkauf\/\" \/>\n<meta property=\"og:locale\" content=\"de_DE\" \/>\n<meta property=\"og:type\" content=\"article\" \/>\n<meta property=\"og:title\" content=\"Asphaltminen Online-Ticketverkauf - Mines d&#039;asphalte | Val-de-Travers\" \/>\n<meta property=\"og:description\" content=\"Kaufen Sie Ihre Tickets direkt online und entdecken Sie die faszinierende Welt des Asphalts in den Minen von La Presta.\" \/>\n<meta property=\"og:url\" content=\"https:\/\/www.mines-asphalte.ch\/de\/ticketverkauf\/\" \/>\n<meta property=\"og:site_name\" content=\"Mines d&#039;asphalte | Val-de-Travers\" \/>\n<meta property=\"article:publisher\" content=\"https:\/\/www.facebook.com\/minesdasphalte\/\" \/>\n<meta property=\"article:modified_time\" content=\"2026-04-02T15:08:17+00:00\" \/>\n<meta property=\"og:image\" content=\"https:\/\/www.mines-asphalte.ch\/wp-content\/uploads\/2019\/02\/mines_groupes.jpg\" \/>\n\t<meta property=\"og:image:width\" content=\"1920\" \/>\n\t<meta property=\"og:image:height\" content=\"1345\" \/>\n<meta name=\"twitter:card\" content=\"summary_large_image\" \/>\n<meta name=\"twitter:label1\" content=\"Gesch\u00e4tzte Lesezeit\">\n\t<meta name=\"twitter:data1\" content=\"5\u00a0Minuten\">\n<script type=\"application\/ld+json\" class=\"yoast-schema-graph\">{\"@context\":\"https:\/\/schema.org\",\"@graph\":[{\"@type\":\"Organization\",\"@id\":\"https:\/\/www.mines-asphalte.ch\/de\/#organization\",\"name\":\"Mines d'asphalte\",\"url\":\"https:\/\/www.mines-asphalte.ch\/de\/\",\"sameAs\":[\"https:\/\/www.facebook.com\/minesdasphalte\/\",\"https:\/\/www.instagram.com\/minesdasphalte\/\",\"https:\/\/www.youtube.com\/channel\/UCNGCZAPNcog8kEQ4mUAPYkw\"],\"logo\":{\"@type\":\"ImageObject\",\"@id\":\"https:\/\/www.mines-asphalte.ch\/de\/#logo\",\"inLanguage\":\"de\",\"url\":\"https:\/\/www.mines-asphalte.ch\/wp-content\/uploads\/2019\/10\/MIN_logo_19_F_brun.png\",\"width\":1548,\"height\":323,\"caption\":\"Mines d'asphalte\"},\"image\":{\"@id\":\"https:\/\/www.mines-asphalte.ch\/de\/#logo\"}},{\"@type\":\"WebSite\",\"@id\":\"https:\/\/www.mines-asphalte.ch\/de\/#website\",\"url\":\"https:\/\/www.mines-asphalte.ch\/de\/\",\"name\":\"Mines d'asphalte | Val-de-Travers\",\"description\":\"\",\"publisher\":{\"@id\":\"https:\/\/www.mines-asphalte.ch\/de\/#organization\"},\"potentialAction\":[{\"@type\":\"SearchAction\",\"target\":\"https:\/\/www.mines-asphalte.ch\/de\/?s={search_term_string}\",\"query-input\":\"required name=search_term_string\"}],\"inLanguage\":\"de\"},{\"@type\":\"ImageObject\",\"@id\":\"https:\/\/www.mines-asphalte.ch\/de\/ticketverkauf\/#primaryimage\",\"inLanguage\":\"de\",\"url\":\"https:\/\/www.mines-asphalte.ch\/wp-content\/uploads\/2019\/02\/mines_groupes.jpg\",\"width\":1920,\"height\":1345,\"caption\":\"Visite des mines d'asphalte\"},{\"@type\":\"WebPage\",\"@id\":\"https:\/\/www.mines-asphalte.ch\/de\/ticketverkauf\/#webpage\",\"url\":\"https:\/\/www.mines-asphalte.ch\/de\/ticketverkauf\/\",\"name\":\"Asphaltminen Online-Ticketverkauf - Mines d&#039;asphalte | Val-de-Travers\",\"isPartOf\":{\"@id\":\"https:\/\/www.mines-asphalte.ch\/de\/#website\"},\"primaryImageOfPage\":{\"@id\":\"https:\/\/www.mines-asphalte.ch\/de\/ticketverkauf\/#primaryimage\"},\"datePublished\":\"2023-07-04T07:41:04+00:00\",\"dateModified\":\"2026-04-02T15:08:17+00:00\",\"description\":\"Kaufen Sie Ihre Tickets direkt online und entdecken Sie die faszinierende Welt des Asphalts in den Minen von La Presta.\",\"breadcrumb\":{\"@id\":\"https:\/\/www.mines-asphalte.ch\/de\/ticketverkauf\/#breadcrumb\"},\"inLanguage\":\"de\",\"potentialAction\":[{\"@type\":\"ReadAction\",\"target\":[\"https:\/\/www.mines-asphalte.ch\/de\/ticketverkauf\/\"]}]},{\"@type\":\"BreadcrumbList\",\"@id\":\"https:\/\/www.mines-asphalte.ch\/de\/ticketverkauf\/#breadcrumb\",\"itemListElement\":[{\"@type\":\"ListItem\",\"position\":1,\"item\":{\"@type\":\"WebPage\",\"@id\":\"https:\/\/www.mines-asphalte.ch\/de\/\",\"url\":\"https:\/\/www.mines-asphalte.ch\/de\/\",\"name\":\"Accueil\"}},{\"@type\":\"ListItem\",\"position\":2,\"item\":{\"@type\":\"WebPage\",\"@id\":\"https:\/\/www.mines-asphalte.ch\/de\/ticketverkauf\/\",\"url\":\"https:\/\/www.mines-asphalte.ch\/de\/ticketverkauf\/\",\"name\":\"Ticketverkauf\"}}]}]}<\/script>\n<!-- \/ Yoast SEO plugin. -->","_links":{"self":[{"href":"https:\/\/www.mines-asphalte.ch\/de\/wp-json\/wp\/v2\/pages\/9849"}],"collection":[{"href":"https:\/\/www.mines-asphalte.ch\/de\/wp-json\/wp\/v2\/pages"}],"about":[{"href":"https:\/\/www.mines-asphalte.ch\/de\/wp-json\/wp\/v2\/types\/page"}],"author":[{"embeddable":true,"href":"https:\/\/www.mines-asphalte.ch\/de\/wp-json\/wp\/v2\/users\/1"}],"replies":[{"embeddable":true,"href":"https:\/\/www.mines-asphalte.ch\/de\/wp-json\/wp\/v2\/comments?post=9849"}],"version-history":[{"count":103,"href":"https:\/\/www.mines-asphalte.ch\/de\/wp-json\/wp\/v2\/pages\/9849\/revisions"}],"predecessor-version":[{"id":12133,"href":"https:\/\/www.mines-asphalte.ch\/de\/wp-json\/wp\/v2\/pages\/9849\/revisions\/12133"}],"wp:featuredmedia":[{"embeddable":true,"href":"https:\/\/www.mines-asphalte.ch\/de\/wp-json\/wp\/v2\/media\/4174"}],"wp:attachment":[{"href":"https:\/\/www.mines-asphalte.ch\/de\/wp-json\/wp\/v2\/media?parent=9849"}],"curies":[{"name":"wp","href":"https:\/\/api.w.org\/{rel}","templated":true}]}}