{"id":9230,"date":"2023-01-23T15:15:15","date_gmt":"2023-01-23T14:15:15","guid":{"rendered":"https:\/\/www.mines-asphalte.ch\/?page_id=9230"},"modified":"2025-02-07T11:51:31","modified_gmt":"2025-02-07T10:51:31","slug":"infos-fur-gruppen","status":"publish","type":"page","link":"https:\/\/www.mines-asphalte.ch\/de\/infos-fur-gruppen\/","title":{"rendered":"Infos f\u00fcr Gruppen"},"content":{"rendered":"<p>Infos f\u00fcr gruppen Seminar und Konferenz AKTIVIT\u00c4TEN UND ANGEBOTE F\u00dcR GRUPPEN Aktivit\u00e4ten f\u00fcr Schulen Angebote Gruppenverpflegung FESTLICHER APERITIF IN DEN ASPHALTMINEN<\/p>\n","protected":false},"excerpt":{"rendered":"<p>Infos f\u00fcr gruppen Seminar und Konferenz AKTIVIT\u00c4TEN UND ANGEBOTE F\u00dcR GRUPPEN Aktivit\u00e4ten f\u00fcr Schulen Angebote Gruppenverpflegung FESTLICHER APERITIF IN DEN ASPHALTMINEN<\/p>\n","protected":false},"author":1,"featured_media":0,"parent":0,"menu_order":0,"comment_status":"closed","ping_status":"closed","template":"","meta":[],"yoast_head":"<!-- This site is optimized with the Yoast SEO plugin v15.9.2 - https:\/\/yoast.com\/wordpress\/plugins\/seo\/ -->\n<title>Infos f\u00fcr Gruppen - Mines d&#039;asphalte - Val-de-Travers<\/title>\n<meta name=\"description\" content=\"Entdecken Sie verschiedene Aktivit\u00e4ten f\u00fcr Gruppen und Unternehmen, die in Les Mines d&#039;asphalte im Val-de-Travers angeboten werden.\" \/>\n<meta name=\"robots\" content=\"index, follow, max-snippet:-1, max-image-preview:large, max-video-preview:-1\" \/>\n<link rel=\"canonical\" href=\"https:\/\/www.mines-asphalte.ch\/de\/infos-fur-gruppen\/\" \/>\n<meta property=\"og:locale\" content=\"de_DE\" \/>\n<meta property=\"og:type\" content=\"article\" \/>\n<meta property=\"og:title\" content=\"Infos f\u00fcr Gruppen - Mines d&#039;asphalte - Val-de-Travers\" \/>\n<meta property=\"og:description\" content=\"Entdecken Sie verschiedene Aktivit\u00e4ten f\u00fcr Gruppen und Unternehmen, die in Les Mines d&#039;asphalte im Val-de-Travers angeboten werden.\" \/>\n<meta property=\"og:url\" content=\"https:\/\/www.mines-asphalte.ch\/de\/infos-fur-gruppen\/\" \/>\n<meta property=\"og:site_name\" content=\"Mines d&#039;asphalte | Val-de-Travers\" \/>\n<meta property=\"article:publisher\" content=\"https:\/\/www.facebook.com\/minesdasphalte\/\" \/>\n<meta property=\"article:modified_time\" content=\"2025-02-07T10:51:31+00:00\" \/>\n<meta name=\"twitter:card\" content=\"summary_large_image\" \/>\n<meta name=\"twitter:label1\" content=\"Gesch\u00e4tzte Lesezeit\">\n\t<meta name=\"twitter:data1\" content=\"1\u00a0Minute\">\n<script type=\"application\/ld+json\" class=\"yoast-schema-graph\">{\"@context\":\"https:\/\/schema.org\",\"@graph\":[{\"@type\":\"Organization\",\"@id\":\"https:\/\/www.mines-asphalte.ch\/de\/#organization\",\"name\":\"Mines d'asphalte\",\"url\":\"https:\/\/www.mines-asphalte.ch\/de\/\",\"sameAs\":[\"https:\/\/www.facebook.com\/minesdasphalte\/\",\"https:\/\/www.instagram.com\/minesdasphalte\/\",\"https:\/\/www.youtube.com\/channel\/UCNGCZAPNcog8kEQ4mUAPYkw\"],\"logo\":{\"@type\":\"ImageObject\",\"@id\":\"https:\/\/www.mines-asphalte.ch\/de\/#logo\",\"inLanguage\":\"de\",\"url\":\"https:\/\/www.mines-asphalte.ch\/wp-content\/uploads\/2019\/10\/MIN_logo_19_F_brun.png\",\"width\":1548,\"height\":323,\"caption\":\"Mines d'asphalte\"},\"image\":{\"@id\":\"https:\/\/www.mines-asphalte.ch\/de\/#logo\"}},{\"@type\":\"WebSite\",\"@id\":\"https:\/\/www.mines-asphalte.ch\/de\/#website\",\"url\":\"https:\/\/www.mines-asphalte.ch\/de\/\",\"name\":\"Mines d'asphalte | Val-de-Travers\",\"description\":\"\",\"publisher\":{\"@id\":\"https:\/\/www.mines-asphalte.ch\/de\/#organization\"},\"potentialAction\":[{\"@type\":\"SearchAction\",\"target\":\"https:\/\/www.mines-asphalte.ch\/de\/?s={search_term_string}\",\"query-input\":\"required name=search_term_string\"}],\"inLanguage\":\"de\"},{\"@type\":\"WebPage\",\"@id\":\"https:\/\/www.mines-asphalte.ch\/de\/infos-fur-gruppen\/#webpage\",\"url\":\"https:\/\/www.mines-asphalte.ch\/de\/infos-fur-gruppen\/\",\"name\":\"Infos f\\u00fcr Gruppen - Mines d'asphalte - Val-de-Travers\",\"isPartOf\":{\"@id\":\"https:\/\/www.mines-asphalte.ch\/de\/#website\"},\"datePublished\":\"2023-01-23T14:15:15+00:00\",\"dateModified\":\"2025-02-07T10:51:31+00:00\",\"description\":\"Entdecken Sie verschiedene Aktivit\\u00e4ten f\\u00fcr Gruppen und Unternehmen, die in Les Mines d'asphalte im Val-de-Travers angeboten werden.\",\"breadcrumb\":{\"@id\":\"https:\/\/www.mines-asphalte.ch\/de\/infos-fur-gruppen\/#breadcrumb\"},\"inLanguage\":\"de\",\"potentialAction\":[{\"@type\":\"ReadAction\",\"target\":[\"https:\/\/www.mines-asphalte.ch\/de\/infos-fur-gruppen\/\"]}]},{\"@type\":\"BreadcrumbList\",\"@id\":\"https:\/\/www.mines-asphalte.ch\/de\/infos-fur-gruppen\/#breadcrumb\",\"itemListElement\":[{\"@type\":\"ListItem\",\"position\":1,\"item\":{\"@type\":\"WebPage\",\"@id\":\"https:\/\/www.mines-asphalte.ch\/de\/\",\"url\":\"https:\/\/www.mines-asphalte.ch\/de\/\",\"name\":\"Accueil\"}},{\"@type\":\"ListItem\",\"position\":2,\"item\":{\"@type\":\"WebPage\",\"@id\":\"https:\/\/www.mines-asphalte.ch\/de\/infos-fur-gruppen\/\",\"url\":\"https:\/\/www.mines-asphalte.ch\/de\/infos-fur-gruppen\/\",\"name\":\"Infos f\\u00fcr Gruppen\"}}]}]}<\/script>\n<!-- \/ Yoast SEO plugin. -->","_links":{"self":[{"href":"https:\/\/www.mines-asphalte.ch\/de\/wp-json\/wp\/v2\/pages\/9230"}],"collection":[{"href":"https:\/\/www.mines-asphalte.ch\/de\/wp-json\/wp\/v2\/pages"}],"about":[{"href":"https:\/\/www.mines-asphalte.ch\/de\/wp-json\/wp\/v2\/types\/page"}],"author":[{"embeddable":true,"href":"https:\/\/www.mines-asphalte.ch\/de\/wp-json\/wp\/v2\/users\/1"}],"replies":[{"embeddable":true,"href":"https:\/\/www.mines-asphalte.ch\/de\/wp-json\/wp\/v2\/comments?post=9230"}],"version-history":[{"count":10,"href":"https:\/\/www.mines-asphalte.ch\/de\/wp-json\/wp\/v2\/pages\/9230\/revisions"}],"predecessor-version":[{"id":11415,"href":"https:\/\/www.mines-asphalte.ch\/de\/wp-json\/wp\/v2\/pages\/9230\/revisions\/11415"}],"wp:attachment":[{"href":"https:\/\/www.mines-asphalte.ch\/de\/wp-json\/wp\/v2\/media?parent=9230"}],"curies":[{"name":"wp","href":"https:\/\/api.w.org\/{rel}","templated":true}]}}