{"id":9190,"date":"2023-01-23T09:06:28","date_gmt":"2023-01-23T08:06:28","guid":{"rendered":"https:\/\/www.mines-asphalte.ch\/?page_id=9190"},"modified":"2025-02-07T14:13:32","modified_gmt":"2025-02-07T13:13:32","slug":"uber-die-asphaltminen","status":"publish","type":"page","link":"https:\/\/www.mines-asphalte.ch\/de\/uber-die-asphaltminen\/","title":{"rendered":"\u00dcber die Asphaltminen"},"content":{"rendered":"<p>\u00dcber die Asphaltminen Geschichte und Entwicklung der Asphaltminen Die Inklusion bei Asphaltminen Die asphaltminen-boutique Go\u00fbt &amp; R\u00e9gion und Partner<\/p>\n","protected":false},"excerpt":{"rendered":"<p>\u00dcber die Asphaltminen Geschichte und Entwicklung der Asphaltminen Die Inklusion bei Asphaltminen Die asphaltminen-boutique Go\u00fbt &amp; R\u00e9gion und Partner<\/p>\n","protected":false},"author":1,"featured_media":0,"parent":0,"menu_order":0,"comment_status":"closed","ping_status":"closed","template":"","meta":[],"yoast_head":"<!-- This site is optimized with the Yoast SEO plugin v15.9.2 - https:\/\/yoast.com\/wordpress\/plugins\/seo\/ -->\n<title>\u00dcber die Asphaltminen - Mines d&#039;asphalte - Val-de-Travers<\/title>\n<meta name=\"description\" content=\"Erfahren Sie mehr \u00fcber die Geschichte der Minen, das Unternehmen Go\u00fbt &amp; R\u00e9gion und gelangen Sie in die Boutique der Asphaltminen des Val-de-Travers.\" \/>\n<meta name=\"robots\" content=\"index, follow, max-snippet:-1, max-image-preview:large, max-video-preview:-1\" \/>\n<link rel=\"canonical\" href=\"https:\/\/www.mines-asphalte.ch\/de\/uber-die-asphaltminen\/\" \/>\n<meta property=\"og:locale\" content=\"de_DE\" \/>\n<meta property=\"og:type\" content=\"article\" \/>\n<meta property=\"og:title\" content=\"\u00dcber die Asphaltminen - Mines d&#039;asphalte - Val-de-Travers\" \/>\n<meta property=\"og:description\" content=\"Erfahren Sie mehr \u00fcber die Geschichte der Minen, das Unternehmen Go\u00fbt &amp; R\u00e9gion und gelangen Sie in die Boutique der Asphaltminen des Val-de-Travers.\" \/>\n<meta property=\"og:url\" content=\"https:\/\/www.mines-asphalte.ch\/de\/uber-die-asphaltminen\/\" \/>\n<meta property=\"og:site_name\" content=\"Mines d&#039;asphalte | Val-de-Travers\" \/>\n<meta property=\"article:publisher\" content=\"https:\/\/www.facebook.com\/minesdasphalte\/\" \/>\n<meta property=\"article:modified_time\" content=\"2025-02-07T13:13:32+00:00\" \/>\n<meta name=\"twitter:card\" content=\"summary_large_image\" \/>\n<meta name=\"twitter:label1\" content=\"Gesch\u00e4tzte Lesezeit\">\n\t<meta name=\"twitter:data1\" content=\"2\u00a0Minuten\">\n<script type=\"application\/ld+json\" class=\"yoast-schema-graph\">{\"@context\":\"https:\/\/schema.org\",\"@graph\":[{\"@type\":\"Organization\",\"@id\":\"https:\/\/www.mines-asphalte.ch\/de\/#organization\",\"name\":\"Mines d'asphalte\",\"url\":\"https:\/\/www.mines-asphalte.ch\/de\/\",\"sameAs\":[\"https:\/\/www.facebook.com\/minesdasphalte\/\",\"https:\/\/www.instagram.com\/minesdasphalte\/\",\"https:\/\/www.youtube.com\/channel\/UCNGCZAPNcog8kEQ4mUAPYkw\"],\"logo\":{\"@type\":\"ImageObject\",\"@id\":\"https:\/\/www.mines-asphalte.ch\/de\/#logo\",\"inLanguage\":\"de\",\"url\":\"https:\/\/www.mines-asphalte.ch\/wp-content\/uploads\/2019\/10\/MIN_logo_19_F_brun.png\",\"width\":1548,\"height\":323,\"caption\":\"Mines d'asphalte\"},\"image\":{\"@id\":\"https:\/\/www.mines-asphalte.ch\/de\/#logo\"}},{\"@type\":\"WebSite\",\"@id\":\"https:\/\/www.mines-asphalte.ch\/de\/#website\",\"url\":\"https:\/\/www.mines-asphalte.ch\/de\/\",\"name\":\"Mines d'asphalte | Val-de-Travers\",\"description\":\"\",\"publisher\":{\"@id\":\"https:\/\/www.mines-asphalte.ch\/de\/#organization\"},\"potentialAction\":[{\"@type\":\"SearchAction\",\"target\":\"https:\/\/www.mines-asphalte.ch\/de\/?s={search_term_string}\",\"query-input\":\"required name=search_term_string\"}],\"inLanguage\":\"de\"},{\"@type\":\"WebPage\",\"@id\":\"https:\/\/www.mines-asphalte.ch\/de\/uber-die-asphaltminen\/#webpage\",\"url\":\"https:\/\/www.mines-asphalte.ch\/de\/uber-die-asphaltminen\/\",\"name\":\"\\u00dcber die Asphaltminen - Mines d'asphalte - Val-de-Travers\",\"isPartOf\":{\"@id\":\"https:\/\/www.mines-asphalte.ch\/de\/#website\"},\"datePublished\":\"2023-01-23T08:06:28+00:00\",\"dateModified\":\"2025-02-07T13:13:32+00:00\",\"description\":\"Erfahren Sie mehr \\u00fcber die Geschichte der Minen, das Unternehmen Go\\u00fbt & R\\u00e9gion und gelangen Sie in die Boutique der Asphaltminen des Val-de-Travers.\",\"breadcrumb\":{\"@id\":\"https:\/\/www.mines-asphalte.ch\/de\/uber-die-asphaltminen\/#breadcrumb\"},\"inLanguage\":\"de\",\"potentialAction\":[{\"@type\":\"ReadAction\",\"target\":[\"https:\/\/www.mines-asphalte.ch\/de\/uber-die-asphaltminen\/\"]}]},{\"@type\":\"BreadcrumbList\",\"@id\":\"https:\/\/www.mines-asphalte.ch\/de\/uber-die-asphaltminen\/#breadcrumb\",\"itemListElement\":[{\"@type\":\"ListItem\",\"position\":1,\"item\":{\"@type\":\"WebPage\",\"@id\":\"https:\/\/www.mines-asphalte.ch\/de\/\",\"url\":\"https:\/\/www.mines-asphalte.ch\/de\/\",\"name\":\"Accueil\"}},{\"@type\":\"ListItem\",\"position\":2,\"item\":{\"@type\":\"WebPage\",\"@id\":\"https:\/\/www.mines-asphalte.ch\/de\/uber-die-asphaltminen\/\",\"url\":\"https:\/\/www.mines-asphalte.ch\/de\/uber-die-asphaltminen\/\",\"name\":\"\\u00dcber die Asphaltminen\"}}]}]}<\/script>\n<!-- \/ Yoast SEO plugin. -->","_links":{"self":[{"href":"https:\/\/www.mines-asphalte.ch\/de\/wp-json\/wp\/v2\/pages\/9190"}],"collection":[{"href":"https:\/\/www.mines-asphalte.ch\/de\/wp-json\/wp\/v2\/pages"}],"about":[{"href":"https:\/\/www.mines-asphalte.ch\/de\/wp-json\/wp\/v2\/types\/page"}],"author":[{"embeddable":true,"href":"https:\/\/www.mines-asphalte.ch\/de\/wp-json\/wp\/v2\/users\/1"}],"replies":[{"embeddable":true,"href":"https:\/\/www.mines-asphalte.ch\/de\/wp-json\/wp\/v2\/comments?post=9190"}],"version-history":[{"count":14,"href":"https:\/\/www.mines-asphalte.ch\/de\/wp-json\/wp\/v2\/pages\/9190\/revisions"}],"predecessor-version":[{"id":11449,"href":"https:\/\/www.mines-asphalte.ch\/de\/wp-json\/wp\/v2\/pages\/9190\/revisions\/11449"}],"wp:attachment":[{"href":"https:\/\/www.mines-asphalte.ch\/de\/wp-json\/wp\/v2\/media?parent=9190"}],"curies":[{"name":"wp","href":"https:\/\/api.w.org\/{rel}","templated":true}]}}