{"id":8131,"date":"2022-02-14T16:41:38","date_gmt":"2022-02-14T15:41:38","guid":{"rendered":"https:\/\/www.mines-asphalte.ch\/?page_id=8131"},"modified":"2022-03-10T18:33:28","modified_gmt":"2022-03-10T17:33:28","slug":"einweihung","status":"publish","type":"page","link":"https:\/\/www.mines-asphalte.ch\/de\/einweihung\/","title":{"rendered":"Einweihung bei der Asphaltminen"},"content":{"rendered":"<p>Einweihung am 1. April! Wir freuen uns, Sie zur Er\u00f6ffnung der neuen Dauerausstellung ASPHALT STORY sowie zur Einweihung des Geb\u00e4udes der Asphaltminen einladen zu k\u00f6nnen. Das vollst\u00e4ndig renovierte Geb\u00e4ude ist nun Teil des anerkannten Industrieerbes von nationaler Bedeut <a href=\"https:\/\/www.mines-asphalte.ch\/de\/einweihung\/\" title=\"Read more on Einweihung bei der Asphaltminen\" class=\"more-link\">mehr<\/a><\/p>\n","protected":false},"excerpt":{"rendered":"<p>Einweihung am 1. April! Wir freuen uns, Sie zur Er\u00f6ffnung der neuen Dauerausstellung ASPHALT STORY sowie zur Einweihung des Geb\u00e4udes der Asphaltminen einladen zu k\u00f6nnen. Das vollst\u00e4ndig renovierte Geb\u00e4ude ist nun Teil des anerkannten Industrieerbes von nationaler Bedeut mehr<\/p>\n","protected":false},"author":1,"featured_media":0,"parent":0,"menu_order":0,"comment_status":"closed","ping_status":"closed","template":"","meta":[],"yoast_head":"<!-- This site is optimized with the Yoast SEO plugin v15.9.2 - https:\/\/yoast.com\/wordpress\/plugins\/seo\/ -->\n<title>Einweihung bei der Asphaltminen - Mines d&#039;asphalte | Val-de-Travers<\/title>\n<meta name=\"robots\" content=\"index, follow, max-snippet:-1, max-image-preview:large, max-video-preview:-1\" \/>\n<link rel=\"canonical\" href=\"https:\/\/www.mines-asphalte.ch\/de\/einweihung\/\" \/>\n<meta property=\"og:locale\" content=\"de_DE\" \/>\n<meta property=\"og:type\" content=\"article\" \/>\n<meta property=\"og:title\" content=\"Einweihung bei der Asphaltminen - Mines d&#039;asphalte | Val-de-Travers\" \/>\n<meta property=\"og:description\" content=\"Einweihung am 1. April! Wir freuen uns, Sie zur Er\u00f6ffnung der neuen Dauerausstellung ASPHALT STORY sowie zur Einweihung des Geb\u00e4udes der Asphaltminen einladen zu k\u00f6nnen. Das vollst\u00e4ndig renovierte Geb\u00e4ude ist nun Teil des anerkannten Industrieerbes von nationaler Bedeut mehr\" \/>\n<meta property=\"og:url\" content=\"https:\/\/www.mines-asphalte.ch\/de\/einweihung\/\" \/>\n<meta property=\"og:site_name\" content=\"Mines d&#039;asphalte | Val-de-Travers\" \/>\n<meta property=\"article:publisher\" content=\"https:\/\/www.facebook.com\/minesdasphalte\/\" \/>\n<meta property=\"article:modified_time\" content=\"2022-03-10T17:33:28+00:00\" \/>\n<meta name=\"twitter:card\" content=\"summary_large_image\" \/>\n<meta name=\"twitter:label1\" content=\"Gesch\u00e4tzte Lesezeit\">\n\t<meta name=\"twitter:data1\" content=\"4\u00a0Minuten\">\n<script type=\"application\/ld+json\" class=\"yoast-schema-graph\">{\"@context\":\"https:\/\/schema.org\",\"@graph\":[{\"@type\":\"Organization\",\"@id\":\"https:\/\/www.mines-asphalte.ch\/de\/#organization\",\"name\":\"Mines d'asphalte\",\"url\":\"https:\/\/www.mines-asphalte.ch\/de\/\",\"sameAs\":[\"https:\/\/www.facebook.com\/minesdasphalte\/\",\"https:\/\/www.instagram.com\/minesdasphalte\/\",\"https:\/\/www.youtube.com\/channel\/UCNGCZAPNcog8kEQ4mUAPYkw\"],\"logo\":{\"@type\":\"ImageObject\",\"@id\":\"https:\/\/www.mines-asphalte.ch\/de\/#logo\",\"inLanguage\":\"de\",\"url\":\"https:\/\/www.mines-asphalte.ch\/wp-content\/uploads\/2019\/10\/MIN_logo_19_F_brun.png\",\"width\":1548,\"height\":323,\"caption\":\"Mines d'asphalte\"},\"image\":{\"@id\":\"https:\/\/www.mines-asphalte.ch\/de\/#logo\"}},{\"@type\":\"WebSite\",\"@id\":\"https:\/\/www.mines-asphalte.ch\/de\/#website\",\"url\":\"https:\/\/www.mines-asphalte.ch\/de\/\",\"name\":\"Mines d'asphalte | Val-de-Travers\",\"description\":\"\",\"publisher\":{\"@id\":\"https:\/\/www.mines-asphalte.ch\/de\/#organization\"},\"potentialAction\":[{\"@type\":\"SearchAction\",\"target\":\"https:\/\/www.mines-asphalte.ch\/de\/?s={search_term_string}\",\"query-input\":\"required name=search_term_string\"}],\"inLanguage\":\"de\"},{\"@type\":\"WebPage\",\"@id\":\"https:\/\/www.mines-asphalte.ch\/de\/einweihung\/#webpage\",\"url\":\"https:\/\/www.mines-asphalte.ch\/de\/einweihung\/\",\"name\":\"Einweihung bei der Asphaltminen - Mines d&#039;asphalte | Val-de-Travers\",\"isPartOf\":{\"@id\":\"https:\/\/www.mines-asphalte.ch\/de\/#website\"},\"datePublished\":\"2022-02-14T15:41:38+00:00\",\"dateModified\":\"2022-03-10T17:33:28+00:00\",\"breadcrumb\":{\"@id\":\"https:\/\/www.mines-asphalte.ch\/de\/einweihung\/#breadcrumb\"},\"inLanguage\":\"de\",\"potentialAction\":[{\"@type\":\"ReadAction\",\"target\":[\"https:\/\/www.mines-asphalte.ch\/de\/einweihung\/\"]}]},{\"@type\":\"BreadcrumbList\",\"@id\":\"https:\/\/www.mines-asphalte.ch\/de\/einweihung\/#breadcrumb\",\"itemListElement\":[{\"@type\":\"ListItem\",\"position\":1,\"item\":{\"@type\":\"WebPage\",\"@id\":\"https:\/\/www.mines-asphalte.ch\/de\/\",\"url\":\"https:\/\/www.mines-asphalte.ch\/de\/\",\"name\":\"Accueil\"}},{\"@type\":\"ListItem\",\"position\":2,\"item\":{\"@type\":\"WebPage\",\"@id\":\"https:\/\/www.mines-asphalte.ch\/de\/einweihung\/\",\"url\":\"https:\/\/www.mines-asphalte.ch\/de\/einweihung\/\",\"name\":\"Einweihung bei der Asphaltminen\"}}]}]}<\/script>\n<!-- \/ Yoast SEO plugin. -->","_links":{"self":[{"href":"https:\/\/www.mines-asphalte.ch\/de\/wp-json\/wp\/v2\/pages\/8131"}],"collection":[{"href":"https:\/\/www.mines-asphalte.ch\/de\/wp-json\/wp\/v2\/pages"}],"about":[{"href":"https:\/\/www.mines-asphalte.ch\/de\/wp-json\/wp\/v2\/types\/page"}],"author":[{"embeddable":true,"href":"https:\/\/www.mines-asphalte.ch\/de\/wp-json\/wp\/v2\/users\/1"}],"replies":[{"embeddable":true,"href":"https:\/\/www.mines-asphalte.ch\/de\/wp-json\/wp\/v2\/comments?post=8131"}],"version-history":[{"count":12,"href":"https:\/\/www.mines-asphalte.ch\/de\/wp-json\/wp\/v2\/pages\/8131\/revisions"}],"predecessor-version":[{"id":8216,"href":"https:\/\/www.mines-asphalte.ch\/de\/wp-json\/wp\/v2\/pages\/8131\/revisions\/8216"}],"wp:attachment":[{"href":"https:\/\/www.mines-asphalte.ch\/de\/wp-json\/wp\/v2\/media?parent=8131"}],"curies":[{"name":"wp","href":"https:\/\/api.w.org\/{rel}","templated":true}]}}