{"id":8098,"date":"2022-02-09T10:27:39","date_gmt":"2022-02-09T09:27:39","guid":{"rendered":"https:\/\/www.mines-asphalte.ch\/?page_id=8098"},"modified":"2025-10-31T11:28:03","modified_gmt":"2025-10-31T10:28:03","slug":"reservationsanfrage","status":"publish","type":"page","link":"https:\/\/www.mines-asphalte.ch\/de\/reservationsanfrage\/","title":{"rendered":"Reservationsanfrage"},"content":{"rendered":"<p>Reservationsanfrage Senden Sie uns online Ihre Reservationsanfrage f\u00fcr einen Tisch. Wir werden Ihre Anfrage schnellstm\u00f6glich bearbeiten und beantworten. F\u00fcr Reservierungen am\u00a0selben Tag\u00a0rufen Sie uns bitte direkt unter\u00a0032 864 90 64\u00a0an. F\u00fcr Gruppen sind wir das ganze Ja <a href=\"https:\/\/www.mines-asphalte.ch\/de\/reservationsanfrage\/\" title=\"Read more on Reservationsanfrage\" class=\"more-link\">mehr<\/a><\/p>\n","protected":false},"excerpt":{"rendered":"<p>Reservationsanfrage Senden Sie uns online Ihre Reservationsanfrage f\u00fcr einen Tisch. Wir werden Ihre Anfrage schnellstm\u00f6glich bearbeiten und beantworten. F\u00fcr Reservierungen am\u00a0selben Tag\u00a0rufen Sie uns bitte direkt unter\u00a0032 864 90 64\u00a0an. F\u00fcr Gruppen sind wir das ganze Ja mehr<\/p>\n","protected":false},"author":1,"featured_media":0,"parent":0,"menu_order":0,"comment_status":"closed","ping_status":"closed","template":"","meta":[],"yoast_head":"<!-- This site is optimized with the Yoast SEO plugin v15.9.2 - https:\/\/yoast.com\/wordpress\/plugins\/seo\/ -->\n<title>Reservationsanfrage - Mines d&#039;asphalte | Val-de-Travers<\/title>\n<meta name=\"robots\" content=\"index, follow, max-snippet:-1, max-image-preview:large, max-video-preview:-1\" \/>\n<link rel=\"canonical\" href=\"https:\/\/www.mines-asphalte.ch\/de\/reservationsanfrage\/\" \/>\n<meta property=\"og:locale\" content=\"de_DE\" \/>\n<meta property=\"og:type\" content=\"article\" \/>\n<meta property=\"og:title\" content=\"Reservationsanfrage - Mines d&#039;asphalte | Val-de-Travers\" \/>\n<meta property=\"og:description\" content=\"Reservationsanfrage Senden Sie uns online Ihre Reservationsanfrage f\u00fcr einen Tisch. Wir werden Ihre Anfrage schnellstm\u00f6glich bearbeiten und beantworten. F\u00fcr Reservierungen am\u00a0selben Tag\u00a0rufen Sie uns bitte direkt unter\u00a0032 864 90 64\u00a0an. F\u00fcr Gruppen sind wir das ganze Ja mehr\" \/>\n<meta property=\"og:url\" content=\"https:\/\/www.mines-asphalte.ch\/de\/reservationsanfrage\/\" \/>\n<meta property=\"og:site_name\" content=\"Mines d&#039;asphalte | Val-de-Travers\" \/>\n<meta property=\"article:publisher\" content=\"https:\/\/www.facebook.com\/minesdasphalte\/\" \/>\n<meta property=\"article:modified_time\" content=\"2025-10-31T10:28:03+00:00\" \/>\n<meta name=\"twitter:card\" content=\"summary_large_image\" \/>\n<meta name=\"twitter:label1\" content=\"Gesch\u00e4tzte Lesezeit\">\n\t<meta name=\"twitter:data1\" content=\"1\u00a0Minute\">\n<script type=\"application\/ld+json\" class=\"yoast-schema-graph\">{\"@context\":\"https:\/\/schema.org\",\"@graph\":[{\"@type\":\"Organization\",\"@id\":\"https:\/\/www.mines-asphalte.ch\/de\/#organization\",\"name\":\"Mines d'asphalte\",\"url\":\"https:\/\/www.mines-asphalte.ch\/de\/\",\"sameAs\":[\"https:\/\/www.facebook.com\/minesdasphalte\/\",\"https:\/\/www.instagram.com\/minesdasphalte\/\",\"https:\/\/www.youtube.com\/channel\/UCNGCZAPNcog8kEQ4mUAPYkw\"],\"logo\":{\"@type\":\"ImageObject\",\"@id\":\"https:\/\/www.mines-asphalte.ch\/de\/#logo\",\"inLanguage\":\"de\",\"url\":\"https:\/\/www.mines-asphalte.ch\/wp-content\/uploads\/2019\/10\/MIN_logo_19_F_brun.png\",\"width\":1548,\"height\":323,\"caption\":\"Mines d'asphalte\"},\"image\":{\"@id\":\"https:\/\/www.mines-asphalte.ch\/de\/#logo\"}},{\"@type\":\"WebSite\",\"@id\":\"https:\/\/www.mines-asphalte.ch\/de\/#website\",\"url\":\"https:\/\/www.mines-asphalte.ch\/de\/\",\"name\":\"Mines d'asphalte | Val-de-Travers\",\"description\":\"\",\"publisher\":{\"@id\":\"https:\/\/www.mines-asphalte.ch\/de\/#organization\"},\"potentialAction\":[{\"@type\":\"SearchAction\",\"target\":\"https:\/\/www.mines-asphalte.ch\/de\/?s={search_term_string}\",\"query-input\":\"required name=search_term_string\"}],\"inLanguage\":\"de\"},{\"@type\":\"WebPage\",\"@id\":\"https:\/\/www.mines-asphalte.ch\/de\/reservationsanfrage\/#webpage\",\"url\":\"https:\/\/www.mines-asphalte.ch\/de\/reservationsanfrage\/\",\"name\":\"Reservationsanfrage - Mines d&#039;asphalte | Val-de-Travers\",\"isPartOf\":{\"@id\":\"https:\/\/www.mines-asphalte.ch\/de\/#website\"},\"datePublished\":\"2022-02-09T09:27:39+00:00\",\"dateModified\":\"2025-10-31T10:28:03+00:00\",\"breadcrumb\":{\"@id\":\"https:\/\/www.mines-asphalte.ch\/de\/reservationsanfrage\/#breadcrumb\"},\"inLanguage\":\"de\",\"potentialAction\":[{\"@type\":\"ReadAction\",\"target\":[\"https:\/\/www.mines-asphalte.ch\/de\/reservationsanfrage\/\"]}]},{\"@type\":\"BreadcrumbList\",\"@id\":\"https:\/\/www.mines-asphalte.ch\/de\/reservationsanfrage\/#breadcrumb\",\"itemListElement\":[{\"@type\":\"ListItem\",\"position\":1,\"item\":{\"@type\":\"WebPage\",\"@id\":\"https:\/\/www.mines-asphalte.ch\/de\/\",\"url\":\"https:\/\/www.mines-asphalte.ch\/de\/\",\"name\":\"Accueil\"}},{\"@type\":\"ListItem\",\"position\":2,\"item\":{\"@type\":\"WebPage\",\"@id\":\"https:\/\/www.mines-asphalte.ch\/de\/reservationsanfrage\/\",\"url\":\"https:\/\/www.mines-asphalte.ch\/de\/reservationsanfrage\/\",\"name\":\"Reservationsanfrage\"}}]}]}<\/script>\n<!-- \/ Yoast SEO plugin. -->","_links":{"self":[{"href":"https:\/\/www.mines-asphalte.ch\/de\/wp-json\/wp\/v2\/pages\/8098"}],"collection":[{"href":"https:\/\/www.mines-asphalte.ch\/de\/wp-json\/wp\/v2\/pages"}],"about":[{"href":"https:\/\/www.mines-asphalte.ch\/de\/wp-json\/wp\/v2\/types\/page"}],"author":[{"embeddable":true,"href":"https:\/\/www.mines-asphalte.ch\/de\/wp-json\/wp\/v2\/users\/1"}],"replies":[{"embeddable":true,"href":"https:\/\/www.mines-asphalte.ch\/de\/wp-json\/wp\/v2\/comments?post=8098"}],"version-history":[{"count":9,"href":"https:\/\/www.mines-asphalte.ch\/de\/wp-json\/wp\/v2\/pages\/8098\/revisions"}],"predecessor-version":[{"id":12018,"href":"https:\/\/www.mines-asphalte.ch\/de\/wp-json\/wp\/v2\/pages\/8098\/revisions\/12018"}],"wp:attachment":[{"href":"https:\/\/www.mines-asphalte.ch\/de\/wp-json\/wp\/v2\/media?parent=8098"}],"curies":[{"name":"wp","href":"https:\/\/api.w.org\/{rel}","templated":true}]}}