{"id":7150,"date":"2020-12-02T16:09:27","date_gmt":"2020-12-02T15:09:27","guid":{"rendered":"https:\/\/www.mines-asphalte.ch\/?page_id=7150"},"modified":"2026-01-21T15:30:56","modified_gmt":"2026-01-21T14:30:56","slug":"schulen","status":"publish","type":"page","link":"https:\/\/www.mines-asphalte.ch\/de\/schulen\/","title":{"rendered":"Aktivit\u00e4ten f\u00fcr Schulen"},"content":{"rendered":"<p>Aktivit\u00e4ten f\u00fcr Schulen Entdecken Sie unsere Auswahl an Aktivit\u00e4ten f\u00fcr Schulen in den Asphaltminen. Minen Besichtigung Setzen Sie Ihren Helm auf, schalten Sie Ihre Taschenlampe ein und lassen Sie sich durch das unterirdische Labyrinth der Asphaltminen von Val-de-Traver <a href=\"https:\/\/www.mines-asphalte.ch\/de\/schulen\/\" title=\"Read more on Aktivit\u00e4ten f\u00fcr Schulen\" class=\"more-link\">mehr<\/a><\/p>\n","protected":false},"excerpt":{"rendered":"<p>Aktivit\u00e4ten f\u00fcr Schulen Entdecken Sie unsere Auswahl an Aktivit\u00e4ten f\u00fcr Schulen in den Asphaltminen. Minen Besichtigung Setzen Sie Ihren Helm auf, schalten Sie Ihre Taschenlampe ein und lassen Sie sich durch das unterirdische Labyrinth der Asphaltminen von Val-de-Traver mehr<\/p>\n","protected":false},"author":1,"featured_media":0,"parent":0,"menu_order":0,"comment_status":"closed","ping_status":"closed","template":"","meta":[],"yoast_head":"<!-- This site is optimized with the Yoast SEO plugin v15.9.2 - https:\/\/yoast.com\/wordpress\/plugins\/seo\/ -->\n<title>Aktivit\u00e4ten f\u00fcr Schulen - Mines d&#039;asphalte | Val-de-Travers<\/title>\n<meta name=\"description\" content=\"Sind Sie auf der Suche nach einem Ausflug f\u00fcr Ihre Klasse? Lassen Sie Ihre Sch\u00fclerinnen und Sch\u00fcler einen einzigartigen Ort in der Schweiz entdecken. Die perfekte Mischung aus Geschichte und Unterhaltung!\" \/>\n<meta name=\"robots\" content=\"index, follow, max-snippet:-1, max-image-preview:large, max-video-preview:-1\" \/>\n<link rel=\"canonical\" href=\"https:\/\/www.mines-asphalte.ch\/de\/schulen\/\" \/>\n<meta property=\"og:locale\" content=\"de_DE\" \/>\n<meta property=\"og:type\" content=\"article\" \/>\n<meta property=\"og:title\" content=\"Aktivit\u00e4ten f\u00fcr Schulen - Mines d&#039;asphalte | Val-de-Travers\" \/>\n<meta property=\"og:description\" content=\"Sind Sie auf der Suche nach einem Ausflug f\u00fcr Ihre Klasse? Lassen Sie Ihre Sch\u00fclerinnen und Sch\u00fcler einen einzigartigen Ort in der Schweiz entdecken. Die perfekte Mischung aus Geschichte und Unterhaltung!\" \/>\n<meta property=\"og:url\" content=\"https:\/\/www.mines-asphalte.ch\/de\/schulen\/\" \/>\n<meta property=\"og:site_name\" content=\"Mines d&#039;asphalte | Val-de-Travers\" \/>\n<meta property=\"article:publisher\" content=\"https:\/\/www.facebook.com\/minesdasphalte\/\" \/>\n<meta property=\"article:modified_time\" content=\"2026-01-21T14:30:56+00:00\" \/>\n<meta name=\"twitter:card\" content=\"summary_large_image\" \/>\n<meta name=\"twitter:label1\" content=\"Gesch\u00e4tzte Lesezeit\">\n\t<meta name=\"twitter:data1\" content=\"7\u00a0Minuten\">\n<script type=\"application\/ld+json\" class=\"yoast-schema-graph\">{\"@context\":\"https:\/\/schema.org\",\"@graph\":[{\"@type\":\"Organization\",\"@id\":\"https:\/\/www.mines-asphalte.ch\/de\/#organization\",\"name\":\"Mines d'asphalte\",\"url\":\"https:\/\/www.mines-asphalte.ch\/de\/\",\"sameAs\":[\"https:\/\/www.facebook.com\/minesdasphalte\/\",\"https:\/\/www.instagram.com\/minesdasphalte\/\",\"https:\/\/www.youtube.com\/channel\/UCNGCZAPNcog8kEQ4mUAPYkw\"],\"logo\":{\"@type\":\"ImageObject\",\"@id\":\"https:\/\/www.mines-asphalte.ch\/de\/#logo\",\"inLanguage\":\"de\",\"url\":\"https:\/\/www.mines-asphalte.ch\/wp-content\/uploads\/2019\/10\/MIN_logo_19_F_brun.png\",\"width\":1548,\"height\":323,\"caption\":\"Mines d'asphalte\"},\"image\":{\"@id\":\"https:\/\/www.mines-asphalte.ch\/de\/#logo\"}},{\"@type\":\"WebSite\",\"@id\":\"https:\/\/www.mines-asphalte.ch\/de\/#website\",\"url\":\"https:\/\/www.mines-asphalte.ch\/de\/\",\"name\":\"Mines d'asphalte | Val-de-Travers\",\"description\":\"\",\"publisher\":{\"@id\":\"https:\/\/www.mines-asphalte.ch\/de\/#organization\"},\"potentialAction\":[{\"@type\":\"SearchAction\",\"target\":\"https:\/\/www.mines-asphalte.ch\/de\/?s={search_term_string}\",\"query-input\":\"required name=search_term_string\"}],\"inLanguage\":\"de\"},{\"@type\":\"WebPage\",\"@id\":\"https:\/\/www.mines-asphalte.ch\/de\/schulen\/#webpage\",\"url\":\"https:\/\/www.mines-asphalte.ch\/de\/schulen\/\",\"name\":\"Aktivit\\u00e4ten f\\u00fcr Schulen - Mines d&#039;asphalte | Val-de-Travers\",\"isPartOf\":{\"@id\":\"https:\/\/www.mines-asphalte.ch\/de\/#website\"},\"datePublished\":\"2020-12-02T15:09:27+00:00\",\"dateModified\":\"2026-01-21T14:30:56+00:00\",\"description\":\"Sind Sie auf der Suche nach einem Ausflug f\\u00fcr Ihre Klasse? Lassen Sie Ihre Sch\\u00fclerinnen und Sch\\u00fcler einen einzigartigen Ort in der Schweiz entdecken. Die perfekte Mischung aus Geschichte und Unterhaltung!\",\"breadcrumb\":{\"@id\":\"https:\/\/www.mines-asphalte.ch\/de\/schulen\/#breadcrumb\"},\"inLanguage\":\"de\",\"potentialAction\":[{\"@type\":\"ReadAction\",\"target\":[\"https:\/\/www.mines-asphalte.ch\/de\/schulen\/\"]}]},{\"@type\":\"BreadcrumbList\",\"@id\":\"https:\/\/www.mines-asphalte.ch\/de\/schulen\/#breadcrumb\",\"itemListElement\":[{\"@type\":\"ListItem\",\"position\":1,\"item\":{\"@type\":\"WebPage\",\"@id\":\"https:\/\/www.mines-asphalte.ch\/de\/\",\"url\":\"https:\/\/www.mines-asphalte.ch\/de\/\",\"name\":\"Accueil\"}},{\"@type\":\"ListItem\",\"position\":2,\"item\":{\"@type\":\"WebPage\",\"@id\":\"https:\/\/www.mines-asphalte.ch\/de\/schulen\/\",\"url\":\"https:\/\/www.mines-asphalte.ch\/de\/schulen\/\",\"name\":\"Aktivit\\u00e4ten f\\u00fcr Schulen\"}}]}]}<\/script>\n<!-- \/ Yoast SEO plugin. -->","_links":{"self":[{"href":"https:\/\/www.mines-asphalte.ch\/de\/wp-json\/wp\/v2\/pages\/7150"}],"collection":[{"href":"https:\/\/www.mines-asphalte.ch\/de\/wp-json\/wp\/v2\/pages"}],"about":[{"href":"https:\/\/www.mines-asphalte.ch\/de\/wp-json\/wp\/v2\/types\/page"}],"author":[{"embeddable":true,"href":"https:\/\/www.mines-asphalte.ch\/de\/wp-json\/wp\/v2\/users\/1"}],"replies":[{"embeddable":true,"href":"https:\/\/www.mines-asphalte.ch\/de\/wp-json\/wp\/v2\/comments?post=7150"}],"version-history":[{"count":14,"href":"https:\/\/www.mines-asphalte.ch\/de\/wp-json\/wp\/v2\/pages\/7150\/revisions"}],"predecessor-version":[{"id":12101,"href":"https:\/\/www.mines-asphalte.ch\/de\/wp-json\/wp\/v2\/pages\/7150\/revisions\/12101"}],"wp:attachment":[{"href":"https:\/\/www.mines-asphalte.ch\/de\/wp-json\/wp\/v2\/media?parent=7150"}],"curies":[{"name":"wp","href":"https:\/\/api.w.org\/{rel}","templated":true}]}}