{"id":4288,"date":"2019-02-19T16:10:51","date_gmt":"2019-02-19T15:10:51","guid":{"rendered":"https:\/\/www.mines-asphalte.ch\/?page_id=4288"},"modified":"2024-11-11T09:11:56","modified_gmt":"2024-11-11T08:11:56","slug":"garten","status":"publish","type":"page","link":"https:\/\/www.mines-asphalte.ch\/de\/garten\/","title":{"rendered":"Garten der Minenarbeiter"},"content":{"rendered":"<p>Der Garten der Minenarbeiter Der Garten des Minenarbeiter &#8211; was ist das? Direkt neben dem Caf\u00e9 der Asphaltminen gelegen, ist der Garten der Minenarbeiter eine wahre Oase f\u00fcr die Tiere der Gegend. Rehe, Reiher, der Biber und verschiedene V\u00f6gel finden in dieser klei <a href=\"https:\/\/www.mines-asphalte.ch\/de\/garten\/\" title=\"Read more on Garten der Minenarbeiter\" class=\"more-link\">mehr<\/a><\/p>\n","protected":false},"excerpt":{"rendered":"<p>Der Garten der Minenarbeiter Der Garten des Minenarbeiter &#8211; was ist das? Direkt neben dem Caf\u00e9 der Asphaltminen gelegen, ist der Garten der Minenarbeiter eine wahre Oase f\u00fcr die Tiere der Gegend. Rehe, Reiher, der Biber und verschiedene V\u00f6gel finden in dieser klei mehr<\/p>\n","protected":false},"author":1,"featured_media":0,"parent":0,"menu_order":0,"comment_status":"closed","ping_status":"closed","template":"","meta":[],"yoast_head":"<!-- This site is optimized with the Yoast SEO plugin v15.9.2 - https:\/\/yoast.com\/wordpress\/plugins\/seo\/ -->\n<title>Jardin des mineurs | Mines d&#039;asphalte | Val-de-Travers<\/title>\n<meta name=\"description\" content=\"Le Jardin des mineurs est un lieu d&#039;exception pour observer les animaux des mines. Gr\u00e2ce \u00e0 son parcours interactif, d\u00e9couvrez les animaux du lieu\u202f!\" \/>\n<meta name=\"robots\" content=\"index, follow, max-snippet:-1, max-image-preview:large, max-video-preview:-1\" \/>\n<link rel=\"canonical\" href=\"https:\/\/www.mines-asphalte.ch\/de\/garten\/\" \/>\n<meta property=\"og:locale\" content=\"de_DE\" \/>\n<meta property=\"og:type\" content=\"article\" \/>\n<meta property=\"og:title\" content=\"Jardin des mineurs | Mines d&#039;asphalte | Val-de-Travers\" \/>\n<meta property=\"og:description\" content=\"Le Jardin des mineurs est un lieu d&#039;exception pour observer les animaux des mines. Gr\u00e2ce \u00e0 son parcours interactif, d\u00e9couvrez les animaux du lieu\u202f!\" \/>\n<meta property=\"og:url\" content=\"https:\/\/www.mines-asphalte.ch\/de\/garten\/\" \/>\n<meta property=\"og:site_name\" content=\"Mines d&#039;asphalte | Val-de-Travers\" \/>\n<meta property=\"article:publisher\" content=\"https:\/\/www.facebook.com\/minesdasphalte\/\" \/>\n<meta property=\"article:modified_time\" content=\"2024-11-11T08:11:56+00:00\" \/>\n<meta name=\"twitter:card\" content=\"summary_large_image\" \/>\n<meta name=\"twitter:label1\" content=\"Gesch\u00e4tzte Lesezeit\">\n\t<meta name=\"twitter:data1\" content=\"9\u00a0Minuten\">\n<script type=\"application\/ld+json\" class=\"yoast-schema-graph\">{\"@context\":\"https:\/\/schema.org\",\"@graph\":[{\"@type\":\"Organization\",\"@id\":\"https:\/\/www.mines-asphalte.ch\/de\/#organization\",\"name\":\"Mines d'asphalte\",\"url\":\"https:\/\/www.mines-asphalte.ch\/de\/\",\"sameAs\":[\"https:\/\/www.facebook.com\/minesdasphalte\/\",\"https:\/\/www.instagram.com\/minesdasphalte\/\",\"https:\/\/www.youtube.com\/channel\/UCNGCZAPNcog8kEQ4mUAPYkw\"],\"logo\":{\"@type\":\"ImageObject\",\"@id\":\"https:\/\/www.mines-asphalte.ch\/de\/#logo\",\"inLanguage\":\"de\",\"url\":\"https:\/\/www.mines-asphalte.ch\/wp-content\/uploads\/2019\/10\/MIN_logo_19_F_brun.png\",\"width\":1548,\"height\":323,\"caption\":\"Mines d'asphalte\"},\"image\":{\"@id\":\"https:\/\/www.mines-asphalte.ch\/de\/#logo\"}},{\"@type\":\"WebSite\",\"@id\":\"https:\/\/www.mines-asphalte.ch\/de\/#website\",\"url\":\"https:\/\/www.mines-asphalte.ch\/de\/\",\"name\":\"Mines d'asphalte | Val-de-Travers\",\"description\":\"\",\"publisher\":{\"@id\":\"https:\/\/www.mines-asphalte.ch\/de\/#organization\"},\"potentialAction\":[{\"@type\":\"SearchAction\",\"target\":\"https:\/\/www.mines-asphalte.ch\/de\/?s={search_term_string}\",\"query-input\":\"required name=search_term_string\"}],\"inLanguage\":\"de\"},{\"@type\":\"WebPage\",\"@id\":\"https:\/\/www.mines-asphalte.ch\/de\/garten\/#webpage\",\"url\":\"https:\/\/www.mines-asphalte.ch\/de\/garten\/\",\"name\":\"Jardin des mineurs | Mines d'asphalte | Val-de-Travers\",\"isPartOf\":{\"@id\":\"https:\/\/www.mines-asphalte.ch\/de\/#website\"},\"datePublished\":\"2019-02-19T15:10:51+00:00\",\"dateModified\":\"2024-11-11T08:11:56+00:00\",\"description\":\"Le Jardin des mineurs est un lieu d'exception pour observer les animaux des mines. Gr\\u00e2ce \\u00e0 son parcours interactif, d\\u00e9couvrez les animaux du lieu\\u202f!\",\"breadcrumb\":{\"@id\":\"https:\/\/www.mines-asphalte.ch\/de\/garten\/#breadcrumb\"},\"inLanguage\":\"de\",\"potentialAction\":[{\"@type\":\"ReadAction\",\"target\":[\"https:\/\/www.mines-asphalte.ch\/de\/garten\/\"]}]},{\"@type\":\"BreadcrumbList\",\"@id\":\"https:\/\/www.mines-asphalte.ch\/de\/garten\/#breadcrumb\",\"itemListElement\":[{\"@type\":\"ListItem\",\"position\":1,\"item\":{\"@type\":\"WebPage\",\"@id\":\"https:\/\/www.mines-asphalte.ch\/de\/\",\"url\":\"https:\/\/www.mines-asphalte.ch\/de\/\",\"name\":\"Accueil\"}},{\"@type\":\"ListItem\",\"position\":2,\"item\":{\"@type\":\"WebPage\",\"@id\":\"https:\/\/www.mines-asphalte.ch\/de\/garten\/\",\"url\":\"https:\/\/www.mines-asphalte.ch\/de\/garten\/\",\"name\":\"Garten der Minenarbeiter\"}}]}]}<\/script>\n<!-- \/ Yoast SEO plugin. -->","_links":{"self":[{"href":"https:\/\/www.mines-asphalte.ch\/de\/wp-json\/wp\/v2\/pages\/4288"}],"collection":[{"href":"https:\/\/www.mines-asphalte.ch\/de\/wp-json\/wp\/v2\/pages"}],"about":[{"href":"https:\/\/www.mines-asphalte.ch\/de\/wp-json\/wp\/v2\/types\/page"}],"author":[{"embeddable":true,"href":"https:\/\/www.mines-asphalte.ch\/de\/wp-json\/wp\/v2\/users\/1"}],"replies":[{"embeddable":true,"href":"https:\/\/www.mines-asphalte.ch\/de\/wp-json\/wp\/v2\/comments?post=4288"}],"version-history":[{"count":51,"href":"https:\/\/www.mines-asphalte.ch\/de\/wp-json\/wp\/v2\/pages\/4288\/revisions"}],"predecessor-version":[{"id":11231,"href":"https:\/\/www.mines-asphalte.ch\/de\/wp-json\/wp\/v2\/pages\/4288\/revisions\/11231"}],"wp:attachment":[{"href":"https:\/\/www.mines-asphalte.ch\/de\/wp-json\/wp\/v2\/media?parent=4288"}],"curies":[{"name":"wp","href":"https:\/\/api.w.org\/{rel}","templated":true}]}}