{"id":4258,"date":"2019-02-08T15:50:15","date_gmt":"2019-02-08T14:50:15","guid":{"rendered":"https:\/\/www.mines-asphalte.ch\/?page_id=4258"},"modified":"2025-09-26T11:01:23","modified_gmt":"2025-09-26T09:01:23","slug":"raetsel","status":"publish","type":"page","link":"https:\/\/www.mines-asphalte.ch\/de\/raetsel\/","title":{"rendered":"R\u00e4tsel im Val-de-Travers"},"content":{"rendered":"<p>R\u00e4tsel-Spiel im Val-de-Travers F\u00fcr Ihren n\u00e4chsten Team-Event, Firmenevent, Schul- oder Vereinsausflug im Val-de-Travers: L\u00f6sen Sie gemeinsam mit Ihrer Gruppe von 10 bis 40 Personen knifflige R\u00e4tsel, um Kriminalf\u00e4lle zu l\u00f6sen oder Bergleute zu retten. Viel Spass ist gara <a href=\"https:\/\/www.mines-asphalte.ch\/de\/raetsel\/\" title=\"Read more on R\u00e4tsel im Val-de-Travers\" class=\"more-link\">mehr<\/a><\/p>\n","protected":false},"excerpt":{"rendered":"<p>R\u00e4tsel-Spiel im Val-de-Travers F\u00fcr Ihren n\u00e4chsten Team-Event, Firmenevent, Schul- oder Vereinsausflug im Val-de-Travers: L\u00f6sen Sie gemeinsam mit Ihrer Gruppe von 10 bis 40 Personen knifflige R\u00e4tsel, um Kriminalf\u00e4lle zu l\u00f6sen oder Bergleute zu retten. Viel Spass ist gara mehr<\/p>\n","protected":false},"author":1,"featured_media":0,"parent":0,"menu_order":0,"comment_status":"closed","ping_status":"closed","template":"","meta":[],"yoast_head":"<!-- This site is optimized with the Yoast SEO plugin v15.9.2 - https:\/\/yoast.com\/wordpress\/plugins\/seo\/ -->\n<title>R\u00e4tsel-Spiel f\u00fcr Gruppen \u2013\u00a0Asphaltminen, Val de Travers<\/title>\n<meta name=\"description\" content=\"F\u00fcr Ihren Firmen-Event oder Vereinsausflug: Gruppen von 10 bis 40 Personen l\u00f6sen gemeinsam knifflige R\u00e4tsel.\" \/>\n<meta name=\"robots\" content=\"index, follow, max-snippet:-1, max-image-preview:large, max-video-preview:-1\" \/>\n<link rel=\"canonical\" href=\"https:\/\/www.mines-asphalte.ch\/de\/raetsel\/\" \/>\n<meta property=\"og:locale\" content=\"de_DE\" \/>\n<meta property=\"og:type\" content=\"article\" \/>\n<meta property=\"og:title\" content=\"R\u00e4tsel-Spiel f\u00fcr Gruppen \u2013\u00a0Asphaltminen, Val de Travers\" \/>\n<meta property=\"og:description\" content=\"F\u00fcr Ihren Firmen-Event oder Vereinsausflug: Gruppen von 10 bis 40 Personen l\u00f6sen gemeinsam knifflige R\u00e4tsel.\" \/>\n<meta property=\"og:url\" content=\"https:\/\/www.mines-asphalte.ch\/de\/raetsel\/\" \/>\n<meta property=\"og:site_name\" content=\"Mines d&#039;asphalte | Val-de-Travers\" \/>\n<meta property=\"article:publisher\" content=\"https:\/\/www.facebook.com\/minesdasphalte\/\" \/>\n<meta property=\"article:modified_time\" content=\"2025-09-26T09:01:23+00:00\" \/>\n<meta name=\"twitter:card\" content=\"summary_large_image\" \/>\n<meta name=\"twitter:label1\" content=\"Gesch\u00e4tzte Lesezeit\">\n\t<meta name=\"twitter:data1\" content=\"3\u00a0Minuten\">\n<script type=\"application\/ld+json\" class=\"yoast-schema-graph\">{\"@context\":\"https:\/\/schema.org\",\"@graph\":[{\"@type\":\"Organization\",\"@id\":\"https:\/\/www.mines-asphalte.ch\/de\/#organization\",\"name\":\"Mines d'asphalte\",\"url\":\"https:\/\/www.mines-asphalte.ch\/de\/\",\"sameAs\":[\"https:\/\/www.facebook.com\/minesdasphalte\/\",\"https:\/\/www.instagram.com\/minesdasphalte\/\",\"https:\/\/www.youtube.com\/channel\/UCNGCZAPNcog8kEQ4mUAPYkw\"],\"logo\":{\"@type\":\"ImageObject\",\"@id\":\"https:\/\/www.mines-asphalte.ch\/de\/#logo\",\"inLanguage\":\"de\",\"url\":\"https:\/\/www.mines-asphalte.ch\/wp-content\/uploads\/2019\/10\/MIN_logo_19_F_brun.png\",\"width\":1548,\"height\":323,\"caption\":\"Mines d'asphalte\"},\"image\":{\"@id\":\"https:\/\/www.mines-asphalte.ch\/de\/#logo\"}},{\"@type\":\"WebSite\",\"@id\":\"https:\/\/www.mines-asphalte.ch\/de\/#website\",\"url\":\"https:\/\/www.mines-asphalte.ch\/de\/\",\"name\":\"Mines d'asphalte | Val-de-Travers\",\"description\":\"\",\"publisher\":{\"@id\":\"https:\/\/www.mines-asphalte.ch\/de\/#organization\"},\"potentialAction\":[{\"@type\":\"SearchAction\",\"target\":\"https:\/\/www.mines-asphalte.ch\/de\/?s={search_term_string}\",\"query-input\":\"required name=search_term_string\"}],\"inLanguage\":\"de\"},{\"@type\":\"WebPage\",\"@id\":\"https:\/\/www.mines-asphalte.ch\/de\/raetsel\/#webpage\",\"url\":\"https:\/\/www.mines-asphalte.ch\/de\/raetsel\/\",\"name\":\"R\\u00e4tsel-Spiel f\\u00fcr Gruppen \\u2013\\u00a0Asphaltminen, Val de Travers\",\"isPartOf\":{\"@id\":\"https:\/\/www.mines-asphalte.ch\/de\/#website\"},\"datePublished\":\"2019-02-08T14:50:15+00:00\",\"dateModified\":\"2025-09-26T09:01:23+00:00\",\"description\":\"F\\u00fcr Ihren Firmen-Event oder Vereinsausflug: Gruppen von 10 bis 40 Personen l\\u00f6sen gemeinsam knifflige R\\u00e4tsel.\",\"breadcrumb\":{\"@id\":\"https:\/\/www.mines-asphalte.ch\/de\/raetsel\/#breadcrumb\"},\"inLanguage\":\"de\",\"potentialAction\":[{\"@type\":\"ReadAction\",\"target\":[\"https:\/\/www.mines-asphalte.ch\/de\/raetsel\/\"]}]},{\"@type\":\"BreadcrumbList\",\"@id\":\"https:\/\/www.mines-asphalte.ch\/de\/raetsel\/#breadcrumb\",\"itemListElement\":[{\"@type\":\"ListItem\",\"position\":1,\"item\":{\"@type\":\"WebPage\",\"@id\":\"https:\/\/www.mines-asphalte.ch\/de\/\",\"url\":\"https:\/\/www.mines-asphalte.ch\/de\/\",\"name\":\"Accueil\"}},{\"@type\":\"ListItem\",\"position\":2,\"item\":{\"@type\":\"WebPage\",\"@id\":\"https:\/\/www.mines-asphalte.ch\/de\/raetsel\/\",\"url\":\"https:\/\/www.mines-asphalte.ch\/de\/raetsel\/\",\"name\":\"R\\u00e4tsel im Val-de-Travers\"}}]}]}<\/script>\n<!-- \/ Yoast SEO plugin. -->","_links":{"self":[{"href":"https:\/\/www.mines-asphalte.ch\/de\/wp-json\/wp\/v2\/pages\/4258"}],"collection":[{"href":"https:\/\/www.mines-asphalte.ch\/de\/wp-json\/wp\/v2\/pages"}],"about":[{"href":"https:\/\/www.mines-asphalte.ch\/de\/wp-json\/wp\/v2\/types\/page"}],"author":[{"embeddable":true,"href":"https:\/\/www.mines-asphalte.ch\/de\/wp-json\/wp\/v2\/users\/1"}],"replies":[{"embeddable":true,"href":"https:\/\/www.mines-asphalte.ch\/de\/wp-json\/wp\/v2\/comments?post=4258"}],"version-history":[{"count":27,"href":"https:\/\/www.mines-asphalte.ch\/de\/wp-json\/wp\/v2\/pages\/4258\/revisions"}],"predecessor-version":[{"id":11990,"href":"https:\/\/www.mines-asphalte.ch\/de\/wp-json\/wp\/v2\/pages\/4258\/revisions\/11990"}],"wp:attachment":[{"href":"https:\/\/www.mines-asphalte.ch\/de\/wp-json\/wp\/v2\/media?parent=4258"}],"curies":[{"name":"wp","href":"https:\/\/api.w.org\/{rel}","templated":true}]}}