{"id":2960,"date":"2018-07-18T10:19:46","date_gmt":"2018-07-18T08:19:46","guid":{"rendered":"https:\/\/www.mines-asphalte.ch\/activites\/"},"modified":"2025-04-24T13:03:06","modified_gmt":"2025-04-24T11:03:06","slug":"gout-region","status":"publish","type":"page","link":"https:\/\/www.mines-asphalte.ch\/de\/gout-region\/","title":{"rendered":"Go\u00fbt &#038; R\u00e9gion und Partner"},"content":{"rendered":"<p>Go\u00fbt &amp; R\u00e9gion und Partner Sind Sie Naturfreund, Sportlerin, Liebhaber regionaler K\u00f6stlichkeiten oder einfach neugierig, unser Kulturerbe zu entdecken? Das Val-de-Travers und die Region Jura &amp; Drei-Seen-Land bieten 1001 M\u00f6glichkeiten f\u00fcr gemeinsame Erlebnisse mit <a href=\"https:\/\/www.mines-asphalte.ch\/de\/gout-region\/\" title=\"Read more on Go\u00fbt &#038; R\u00e9gion und Partner\" class=\"more-link\">mehr<\/a><\/p>\n","protected":false},"excerpt":{"rendered":"<p>Go\u00fbt &amp; R\u00e9gion und Partner Sind Sie Naturfreund, Sportlerin, Liebhaber regionaler K\u00f6stlichkeiten oder einfach neugierig, unser Kulturerbe zu entdecken? Das Val-de-Travers und die Region Jura &amp; Drei-Seen-Land bieten 1001 M\u00f6glichkeiten f\u00fcr gemeinsame Erlebnisse mit mehr<\/p>\n","protected":false},"author":1,"featured_media":0,"parent":0,"menu_order":0,"comment_status":"closed","ping_status":"closed","template":"","meta":[],"yoast_head":"<!-- This site is optimized with the Yoast SEO plugin v15.9.2 - https:\/\/yoast.com\/wordpress\/plugins\/seo\/ -->\n<title>Go\u00fbt &amp; R\u00e9gion - Asphaltminen, Val-de-Travers<\/title>\n<meta name=\"description\" content=\"1001 Aktivit\u00e4ten f\u00fcr Wanderer, Naturfreunde, Sportbegeisterte, Kulturliebhaber, und Gourmets im Val-de-Travers.\" \/>\n<meta name=\"robots\" content=\"index, follow, max-snippet:-1, max-image-preview:large, max-video-preview:-1\" \/>\n<link rel=\"canonical\" href=\"https:\/\/www.mines-asphalte.ch\/de\/gout-region\/\" \/>\n<meta property=\"og:locale\" content=\"de_DE\" \/>\n<meta property=\"og:type\" content=\"article\" \/>\n<meta property=\"og:title\" content=\"Go\u00fbt &amp; R\u00e9gion - Asphaltminen, Val-de-Travers\" \/>\n<meta property=\"og:description\" content=\"1001 Aktivit\u00e4ten f\u00fcr Wanderer, Naturfreunde, Sportbegeisterte, Kulturliebhaber, und Gourmets im Val-de-Travers.\" \/>\n<meta property=\"og:url\" content=\"https:\/\/www.mines-asphalte.ch\/de\/gout-region\/\" \/>\n<meta property=\"og:site_name\" content=\"Mines d&#039;asphalte | Val-de-Travers\" \/>\n<meta property=\"article:publisher\" content=\"https:\/\/www.facebook.com\/minesdasphalte\/\" \/>\n<meta property=\"article:modified_time\" content=\"2025-04-24T11:03:06+00:00\" \/>\n<meta name=\"twitter:card\" content=\"summary_large_image\" \/>\n<meta name=\"twitter:label1\" content=\"Gesch\u00e4tzte Lesezeit\">\n\t<meta name=\"twitter:data1\" content=\"9\u00a0Minuten\">\n<script type=\"application\/ld+json\" class=\"yoast-schema-graph\">{\"@context\":\"https:\/\/schema.org\",\"@graph\":[{\"@type\":\"Organization\",\"@id\":\"https:\/\/www.mines-asphalte.ch\/de\/#organization\",\"name\":\"Mines d'asphalte\",\"url\":\"https:\/\/www.mines-asphalte.ch\/de\/\",\"sameAs\":[\"https:\/\/www.facebook.com\/minesdasphalte\/\",\"https:\/\/www.instagram.com\/minesdasphalte\/\",\"https:\/\/www.youtube.com\/channel\/UCNGCZAPNcog8kEQ4mUAPYkw\"],\"logo\":{\"@type\":\"ImageObject\",\"@id\":\"https:\/\/www.mines-asphalte.ch\/de\/#logo\",\"inLanguage\":\"de\",\"url\":\"https:\/\/www.mines-asphalte.ch\/wp-content\/uploads\/2019\/10\/MIN_logo_19_F_brun.png\",\"width\":1548,\"height\":323,\"caption\":\"Mines d'asphalte\"},\"image\":{\"@id\":\"https:\/\/www.mines-asphalte.ch\/de\/#logo\"}},{\"@type\":\"WebSite\",\"@id\":\"https:\/\/www.mines-asphalte.ch\/de\/#website\",\"url\":\"https:\/\/www.mines-asphalte.ch\/de\/\",\"name\":\"Mines d'asphalte | Val-de-Travers\",\"description\":\"\",\"publisher\":{\"@id\":\"https:\/\/www.mines-asphalte.ch\/de\/#organization\"},\"potentialAction\":[{\"@type\":\"SearchAction\",\"target\":\"https:\/\/www.mines-asphalte.ch\/de\/?s={search_term_string}\",\"query-input\":\"required name=search_term_string\"}],\"inLanguage\":\"de\"},{\"@type\":\"WebPage\",\"@id\":\"https:\/\/www.mines-asphalte.ch\/de\/gout-region\/#webpage\",\"url\":\"https:\/\/www.mines-asphalte.ch\/de\/gout-region\/\",\"name\":\"Go\\u00fbt & R\\u00e9gion - Asphaltminen, Val-de-Travers\",\"isPartOf\":{\"@id\":\"https:\/\/www.mines-asphalte.ch\/de\/#website\"},\"datePublished\":\"2018-07-18T08:19:46+00:00\",\"dateModified\":\"2025-04-24T11:03:06+00:00\",\"description\":\"1001 Aktivit\\u00e4ten f\\u00fcr Wanderer, Naturfreunde, Sportbegeisterte, Kulturliebhaber, und Gourmets im Val-de-Travers.\",\"breadcrumb\":{\"@id\":\"https:\/\/www.mines-asphalte.ch\/de\/gout-region\/#breadcrumb\"},\"inLanguage\":\"de\",\"potentialAction\":[{\"@type\":\"ReadAction\",\"target\":[\"https:\/\/www.mines-asphalte.ch\/de\/gout-region\/\"]}]},{\"@type\":\"BreadcrumbList\",\"@id\":\"https:\/\/www.mines-asphalte.ch\/de\/gout-region\/#breadcrumb\",\"itemListElement\":[{\"@type\":\"ListItem\",\"position\":1,\"item\":{\"@type\":\"WebPage\",\"@id\":\"https:\/\/www.mines-asphalte.ch\/de\/\",\"url\":\"https:\/\/www.mines-asphalte.ch\/de\/\",\"name\":\"Accueil\"}},{\"@type\":\"ListItem\",\"position\":2,\"item\":{\"@type\":\"WebPage\",\"@id\":\"https:\/\/www.mines-asphalte.ch\/de\/gout-region\/\",\"url\":\"https:\/\/www.mines-asphalte.ch\/de\/gout-region\/\",\"name\":\"Go\\u00fbt &#038; R\\u00e9gion und Partner\"}}]}]}<\/script>\n<!-- \/ Yoast SEO plugin. -->","_links":{"self":[{"href":"https:\/\/www.mines-asphalte.ch\/de\/wp-json\/wp\/v2\/pages\/2960"}],"collection":[{"href":"https:\/\/www.mines-asphalte.ch\/de\/wp-json\/wp\/v2\/pages"}],"about":[{"href":"https:\/\/www.mines-asphalte.ch\/de\/wp-json\/wp\/v2\/types\/page"}],"author":[{"embeddable":true,"href":"https:\/\/www.mines-asphalte.ch\/de\/wp-json\/wp\/v2\/users\/1"}],"replies":[{"embeddable":true,"href":"https:\/\/www.mines-asphalte.ch\/de\/wp-json\/wp\/v2\/comments?post=2960"}],"version-history":[{"count":34,"href":"https:\/\/www.mines-asphalte.ch\/de\/wp-json\/wp\/v2\/pages\/2960\/revisions"}],"predecessor-version":[{"id":11735,"href":"https:\/\/www.mines-asphalte.ch\/de\/wp-json\/wp\/v2\/pages\/2960\/revisions\/11735"}],"wp:attachment":[{"href":"https:\/\/www.mines-asphalte.ch\/de\/wp-json\/wp\/v2\/media?parent=2960"}],"curies":[{"name":"wp","href":"https:\/\/api.w.org\/{rel}","templated":true}]}}