{"id":2864,"date":"2016-09-27T11:11:33","date_gmt":"2016-09-27T11:11:33","guid":{"rendered":"https:\/\/www.mines-asphalte.ch\/a-propos\/"},"modified":"2022-02-15T09:57:14","modified_gmt":"2022-02-15T08:57:14","slug":"ueber-die-asphaltminen","status":"publish","type":"page","link":"https:\/\/www.mines-asphalte.ch\/de\/ueber-die-asphaltminen\/","title":{"rendered":"\u00dcber die Asphaltminen"},"content":{"rendered":"<p>\u00dcber die Asphaltminen des Val-de-Travers Die Asphaltminen von La Presta waren fr\u00fcher das Prunkst\u00fcck der Neuenburger Industrie. Heute sind sie eine der wichtigsten Sehensw\u00fcrdigkeiten und Ausflugsziele des Val-de-Travers und einzigartig in Europa. Tauchen Sie ein in die b <a href=\"https:\/\/www.mines-asphalte.ch\/de\/ueber-die-asphaltminen\/\" title=\"Read more on \u00dcber die Asphaltminen\" class=\"more-link\">mehr<\/a><\/p>\n","protected":false},"excerpt":{"rendered":"<p>\u00dcber die Asphaltminen des Val-de-Travers Die Asphaltminen von La Presta waren fr\u00fcher das Prunkst\u00fcck der Neuenburger Industrie. Heute sind sie eine der wichtigsten Sehensw\u00fcrdigkeiten und Ausflugsziele des Val-de-Travers und einzigartig in Europa. Tauchen Sie ein in die b mehr<\/p>\n","protected":false},"author":1,"featured_media":0,"parent":0,"menu_order":0,"comment_status":"closed","ping_status":"closed","template":"","meta":[],"yoast_head":"<!-- This site is optimized with the Yoast SEO plugin v15.9.2 - https:\/\/yoast.com\/wordpress\/plugins\/seo\/ -->\n<title>Die Geschichte der Asphaltminen des Val-de-Travers<\/title>\n<meta name=\"description\" content=\"Die Asphaltminen von La Presta sind heute eine der wichtigsten Sehensw\u00fcrdigkeiten und Ausflugsziele des Val-de-Travers.\" \/>\n<meta name=\"robots\" content=\"index, follow, max-snippet:-1, max-image-preview:large, max-video-preview:-1\" \/>\n<link rel=\"canonical\" href=\"https:\/\/www.mines-asphalte.ch\/de\/ueber-die-asphaltminen\/\" \/>\n<meta property=\"og:locale\" content=\"de_DE\" \/>\n<meta property=\"og:type\" content=\"article\" \/>\n<meta property=\"og:title\" content=\"Die Geschichte der Asphaltminen des Val-de-Travers\" \/>\n<meta property=\"og:description\" content=\"Die Asphaltminen von La Presta sind heute eine der wichtigsten Sehensw\u00fcrdigkeiten und Ausflugsziele des Val-de-Travers.\" \/>\n<meta property=\"og:url\" content=\"https:\/\/www.mines-asphalte.ch\/de\/ueber-die-asphaltminen\/\" \/>\n<meta property=\"og:site_name\" content=\"Mines d&#039;asphalte | Val-de-Travers\" \/>\n<meta property=\"article:publisher\" content=\"https:\/\/www.facebook.com\/minesdasphalte\/\" \/>\n<meta property=\"article:modified_time\" content=\"2022-02-15T08:57:14+00:00\" \/>\n<meta name=\"twitter:card\" content=\"summary_large_image\" \/>\n<meta name=\"twitter:label1\" content=\"Gesch\u00e4tzte Lesezeit\">\n\t<meta name=\"twitter:data1\" content=\"10\u00a0Minuten\">\n<script type=\"application\/ld+json\" class=\"yoast-schema-graph\">{\"@context\":\"https:\/\/schema.org\",\"@graph\":[{\"@type\":\"Organization\",\"@id\":\"https:\/\/www.mines-asphalte.ch\/de\/#organization\",\"name\":\"Mines d'asphalte\",\"url\":\"https:\/\/www.mines-asphalte.ch\/de\/\",\"sameAs\":[\"https:\/\/www.facebook.com\/minesdasphalte\/\",\"https:\/\/www.instagram.com\/minesdasphalte\/\",\"https:\/\/www.youtube.com\/channel\/UCNGCZAPNcog8kEQ4mUAPYkw\"],\"logo\":{\"@type\":\"ImageObject\",\"@id\":\"https:\/\/www.mines-asphalte.ch\/de\/#logo\",\"inLanguage\":\"de\",\"url\":\"https:\/\/www.mines-asphalte.ch\/wp-content\/uploads\/2019\/10\/MIN_logo_19_F_brun.png\",\"width\":1548,\"height\":323,\"caption\":\"Mines d'asphalte\"},\"image\":{\"@id\":\"https:\/\/www.mines-asphalte.ch\/de\/#logo\"}},{\"@type\":\"WebSite\",\"@id\":\"https:\/\/www.mines-asphalte.ch\/de\/#website\",\"url\":\"https:\/\/www.mines-asphalte.ch\/de\/\",\"name\":\"Mines d'asphalte | Val-de-Travers\",\"description\":\"\",\"publisher\":{\"@id\":\"https:\/\/www.mines-asphalte.ch\/de\/#organization\"},\"potentialAction\":[{\"@type\":\"SearchAction\",\"target\":\"https:\/\/www.mines-asphalte.ch\/de\/?s={search_term_string}\",\"query-input\":\"required name=search_term_string\"}],\"inLanguage\":\"de\"},{\"@type\":\"WebPage\",\"@id\":\"https:\/\/www.mines-asphalte.ch\/de\/ueber-die-asphaltminen\/#webpage\",\"url\":\"https:\/\/www.mines-asphalte.ch\/de\/ueber-die-asphaltminen\/\",\"name\":\"Die Geschichte der Asphaltminen des Val-de-Travers\",\"isPartOf\":{\"@id\":\"https:\/\/www.mines-asphalte.ch\/de\/#website\"},\"datePublished\":\"2016-09-27T11:11:33+00:00\",\"dateModified\":\"2022-02-15T08:57:14+00:00\",\"description\":\"Die Asphaltminen von La Presta sind heute eine der wichtigsten Sehensw\\u00fcrdigkeiten und Ausflugsziele des Val-de-Travers.\",\"breadcrumb\":{\"@id\":\"https:\/\/www.mines-asphalte.ch\/de\/ueber-die-asphaltminen\/#breadcrumb\"},\"inLanguage\":\"de\",\"potentialAction\":[{\"@type\":\"ReadAction\",\"target\":[\"https:\/\/www.mines-asphalte.ch\/de\/ueber-die-asphaltminen\/\"]}]},{\"@type\":\"BreadcrumbList\",\"@id\":\"https:\/\/www.mines-asphalte.ch\/de\/ueber-die-asphaltminen\/#breadcrumb\",\"itemListElement\":[{\"@type\":\"ListItem\",\"position\":1,\"item\":{\"@type\":\"WebPage\",\"@id\":\"https:\/\/www.mines-asphalte.ch\/de\/\",\"url\":\"https:\/\/www.mines-asphalte.ch\/de\/\",\"name\":\"Accueil\"}},{\"@type\":\"ListItem\",\"position\":2,\"item\":{\"@type\":\"WebPage\",\"@id\":\"https:\/\/www.mines-asphalte.ch\/de\/ueber-die-asphaltminen\/\",\"url\":\"https:\/\/www.mines-asphalte.ch\/de\/ueber-die-asphaltminen\/\",\"name\":\"\\u00dcber die Asphaltminen\"}}]}]}<\/script>\n<!-- \/ Yoast SEO plugin. -->","_links":{"self":[{"href":"https:\/\/www.mines-asphalte.ch\/de\/wp-json\/wp\/v2\/pages\/2864"}],"collection":[{"href":"https:\/\/www.mines-asphalte.ch\/de\/wp-json\/wp\/v2\/pages"}],"about":[{"href":"https:\/\/www.mines-asphalte.ch\/de\/wp-json\/wp\/v2\/types\/page"}],"author":[{"embeddable":true,"href":"https:\/\/www.mines-asphalte.ch\/de\/wp-json\/wp\/v2\/users\/1"}],"replies":[{"embeddable":true,"href":"https:\/\/www.mines-asphalte.ch\/de\/wp-json\/wp\/v2\/comments?post=2864"}],"version-history":[{"count":31,"href":"https:\/\/www.mines-asphalte.ch\/de\/wp-json\/wp\/v2\/pages\/2864\/revisions"}],"predecessor-version":[{"id":8143,"href":"https:\/\/www.mines-asphalte.ch\/de\/wp-json\/wp\/v2\/pages\/2864\/revisions\/8143"}],"wp:attachment":[{"href":"https:\/\/www.mines-asphalte.ch\/de\/wp-json\/wp\/v2\/media?parent=2864"}],"curies":[{"name":"wp","href":"https:\/\/api.w.org\/{rel}","templated":true}]}}