{"id":11577,"date":"2025-02-06T11:03:44","date_gmt":"2025-02-06T10:03:44","guid":{"rendered":"https:\/\/www.mines-asphalte.ch\/sorties-organisees-en-car\/"},"modified":"2025-08-06T10:57:00","modified_gmt":"2025-08-06T08:57:00","slug":"gruppen-autobus","status":"publish","type":"page","link":"https:\/\/www.mines-asphalte.ch\/de\/gruppen-autobus\/","title":{"rendered":"Organisierte Busausfl\u00fcge zu den Asphaltminen"},"content":{"rendered":"<p>Organisierte Busausfl\u00fcge Organisieren Sie einen Gruppenausflug? Die Touristenattraktion Asphaltminen ist ein einzigartiger Ort f\u00fcr einen Tag voller Entdeckungen. Die Infrastruktur ist f\u00fcr Busreisende mit bis zu 150 Personen ausgelegt und erm\u00f6glicht ein fl\u00fcssiges und ang <a href=\"https:\/\/www.mines-asphalte.ch\/de\/gruppen-autobus\/\" title=\"Read more on Organisierte Busausfl\u00fcge zu den Asphaltminen\" class=\"more-link\">mehr<\/a><\/p>\n","protected":false},"excerpt":{"rendered":"<p>Organisierte Busausfl\u00fcge Organisieren Sie einen Gruppenausflug? Die Touristenattraktion Asphaltminen ist ein einzigartiger Ort f\u00fcr einen Tag voller Entdeckungen. Die Infrastruktur ist f\u00fcr Busreisende mit bis zu 150 Personen ausgelegt und erm\u00f6glicht ein fl\u00fcssiges und ang mehr<\/p>\n","protected":false},"author":7,"featured_media":0,"parent":0,"menu_order":0,"comment_status":"closed","ping_status":"closed","template":"","meta":[],"yoast_head":"<!-- This site is optimized with the Yoast SEO plugin v15.9.2 - https:\/\/yoast.com\/wordpress\/plugins\/seo\/ -->\n<title>Organisierte Busausfl\u00fcge zu den Asphaltminen - Mines d&#039;asphalte | Val-de-Travers<\/title>\n<meta name=\"description\" content=\"Im Val-de-Travers k\u00f6nnen Sie die Asphaltminen entdecken, ein unumg\u00e4nglicher Zwischenstopp f\u00fcr Ausfl\u00fcge und Gruppenreisen mit dem Bus.\" \/>\n<meta name=\"robots\" content=\"index, follow, max-snippet:-1, max-image-preview:large, max-video-preview:-1\" \/>\n<link rel=\"canonical\" href=\"https:\/\/www.mines-asphalte.ch\/de\/gruppen-autobus\/\" \/>\n<meta property=\"og:locale\" content=\"de_DE\" \/>\n<meta property=\"og:type\" content=\"article\" \/>\n<meta property=\"og:title\" content=\"Organisierte Busausfl\u00fcge zu den Asphaltminen - Mines d&#039;asphalte | Val-de-Travers\" \/>\n<meta property=\"og:description\" content=\"Im Val-de-Travers k\u00f6nnen Sie die Asphaltminen entdecken, ein unumg\u00e4nglicher Zwischenstopp f\u00fcr Ausfl\u00fcge und Gruppenreisen mit dem Bus.\" \/>\n<meta property=\"og:url\" content=\"https:\/\/www.mines-asphalte.ch\/de\/gruppen-autobus\/\" \/>\n<meta property=\"og:site_name\" content=\"Mines d&#039;asphalte | Val-de-Travers\" \/>\n<meta property=\"article:publisher\" content=\"https:\/\/www.facebook.com\/minesdasphalte\/\" \/>\n<meta property=\"article:modified_time\" content=\"2025-08-06T08:57:00+00:00\" \/>\n<meta name=\"twitter:card\" content=\"summary_large_image\" \/>\n<meta name=\"twitter:label1\" content=\"Gesch\u00e4tzte Lesezeit\">\n\t<meta name=\"twitter:data1\" content=\"5\u00a0Minuten\">\n<script type=\"application\/ld+json\" class=\"yoast-schema-graph\">{\"@context\":\"https:\/\/schema.org\",\"@graph\":[{\"@type\":\"Organization\",\"@id\":\"https:\/\/www.mines-asphalte.ch\/de\/#organization\",\"name\":\"Mines d'asphalte\",\"url\":\"https:\/\/www.mines-asphalte.ch\/de\/\",\"sameAs\":[\"https:\/\/www.facebook.com\/minesdasphalte\/\",\"https:\/\/www.instagram.com\/minesdasphalte\/\",\"https:\/\/www.youtube.com\/channel\/UCNGCZAPNcog8kEQ4mUAPYkw\"],\"logo\":{\"@type\":\"ImageObject\",\"@id\":\"https:\/\/www.mines-asphalte.ch\/de\/#logo\",\"inLanguage\":\"de\",\"url\":\"https:\/\/www.mines-asphalte.ch\/wp-content\/uploads\/2019\/10\/MIN_logo_19_F_brun.png\",\"width\":1548,\"height\":323,\"caption\":\"Mines d'asphalte\"},\"image\":{\"@id\":\"https:\/\/www.mines-asphalte.ch\/de\/#logo\"}},{\"@type\":\"WebSite\",\"@id\":\"https:\/\/www.mines-asphalte.ch\/de\/#website\",\"url\":\"https:\/\/www.mines-asphalte.ch\/de\/\",\"name\":\"Mines d'asphalte | Val-de-Travers\",\"description\":\"\",\"publisher\":{\"@id\":\"https:\/\/www.mines-asphalte.ch\/de\/#organization\"},\"potentialAction\":[{\"@type\":\"SearchAction\",\"target\":\"https:\/\/www.mines-asphalte.ch\/de\/?s={search_term_string}\",\"query-input\":\"required name=search_term_string\"}],\"inLanguage\":\"de\"},{\"@type\":\"WebPage\",\"@id\":\"https:\/\/www.mines-asphalte.ch\/de\/gruppen-autobus\/#webpage\",\"url\":\"https:\/\/www.mines-asphalte.ch\/de\/gruppen-autobus\/\",\"name\":\"Organisierte Busausfl\\u00fcge zu den Asphaltminen - Mines d&#039;asphalte | Val-de-Travers\",\"isPartOf\":{\"@id\":\"https:\/\/www.mines-asphalte.ch\/de\/#website\"},\"datePublished\":\"2025-02-06T10:03:44+00:00\",\"dateModified\":\"2025-08-06T08:57:00+00:00\",\"description\":\"Im Val-de-Travers k\\u00f6nnen Sie die Asphaltminen entdecken, ein unumg\\u00e4nglicher Zwischenstopp f\\u00fcr Ausfl\\u00fcge und Gruppenreisen mit dem Bus.\",\"breadcrumb\":{\"@id\":\"https:\/\/www.mines-asphalte.ch\/de\/gruppen-autobus\/#breadcrumb\"},\"inLanguage\":\"de\",\"potentialAction\":[{\"@type\":\"ReadAction\",\"target\":[\"https:\/\/www.mines-asphalte.ch\/de\/gruppen-autobus\/\"]}]},{\"@type\":\"BreadcrumbList\",\"@id\":\"https:\/\/www.mines-asphalte.ch\/de\/gruppen-autobus\/#breadcrumb\",\"itemListElement\":[{\"@type\":\"ListItem\",\"position\":1,\"item\":{\"@type\":\"WebPage\",\"@id\":\"https:\/\/www.mines-asphalte.ch\/de\/\",\"url\":\"https:\/\/www.mines-asphalte.ch\/de\/\",\"name\":\"Accueil\"}},{\"@type\":\"ListItem\",\"position\":2,\"item\":{\"@type\":\"WebPage\",\"@id\":\"https:\/\/www.mines-asphalte.ch\/de\/gruppen-autobus\/\",\"url\":\"https:\/\/www.mines-asphalte.ch\/de\/gruppen-autobus\/\",\"name\":\"Organisierte Busausfl\\u00fcge zu den Asphaltminen\"}}]}]}<\/script>\n<!-- \/ Yoast SEO plugin. -->","_links":{"self":[{"href":"https:\/\/www.mines-asphalte.ch\/de\/wp-json\/wp\/v2\/pages\/11577"}],"collection":[{"href":"https:\/\/www.mines-asphalte.ch\/de\/wp-json\/wp\/v2\/pages"}],"about":[{"href":"https:\/\/www.mines-asphalte.ch\/de\/wp-json\/wp\/v2\/types\/page"}],"author":[{"embeddable":true,"href":"https:\/\/www.mines-asphalte.ch\/de\/wp-json\/wp\/v2\/users\/7"}],"replies":[{"embeddable":true,"href":"https:\/\/www.mines-asphalte.ch\/de\/wp-json\/wp\/v2\/comments?post=11577"}],"version-history":[{"count":11,"href":"https:\/\/www.mines-asphalte.ch\/de\/wp-json\/wp\/v2\/pages\/11577\/revisions"}],"predecessor-version":[{"id":11923,"href":"https:\/\/www.mines-asphalte.ch\/de\/wp-json\/wp\/v2\/pages\/11577\/revisions\/11923"}],"wp:attachment":[{"href":"https:\/\/www.mines-asphalte.ch\/de\/wp-json\/wp\/v2\/media?parent=11577"}],"curies":[{"name":"wp","href":"https:\/\/api.w.org\/{rel}","templated":true}]}}